{"id":3058,"date":"2024-06-14T15:47:22","date_gmt":"2024-06-14T13:47:22","guid":{"rendered":"https:\/\/www.aircargocommunity.com\/datenschutzerklaerung-eu\/"},"modified":"2024-06-14T15:54:50","modified_gmt":"2024-06-14T13:54:50","slug":"datenschutzerklaerung-eu","status":"publish","type":"page","link":"https:\/\/www.aircargocommunity.com\/es\/datenschutzerklaerung-eu\/","title":{"rendered":"Pol\u00edtica de privacidad (UE)"},"content":{"rendered":"<div data-elementor-type=\"wp-page\" data-elementor-id=\"3058\" class=\"elementor elementor-3058\" data-elementor-post-type=\"page\">\n\t\t\t\t<div class=\"elementor-element elementor-element-d93059d e-flex e-con-boxed e-con e-parent\" data-id=\"d93059d\" data-element_type=\"container\" data-e-type=\"container\" data-settings=\"{&quot;jet_parallax_layout_list&quot;:[],&quot;_ob_use_container_extras&quot;:&quot;no&quot;,&quot;_ob_column_hoveranimator&quot;:&quot;no&quot;,&quot;_ob_glider_is_slider&quot;:&quot;no&quot;,&quot;_ob_column_has_pseudo&quot;:&quot;no&quot;}\">\n\t\t\t\t\t<div class=\"e-con-inner\">\n\t\t\t\t<div class=\"elementor-element elementor-element-0fe6788 ob-harakiri-inherit ob-has-background-overlay elementor-widget elementor-widget-heading\" data-id=\"0fe6788\" data-element_type=\"widget\" data-e-type=\"widget\" data-settings=\"{&quot;_ob_use_harakiri&quot;:&quot;yes&quot;,&quot;_ob_harakiri_writing_mode&quot;:&quot;inherit&quot;,&quot;_ob_harakiri_text_clip&quot;:&quot;none&quot;,&quot;_ob_perspektive_use&quot;:&quot;no&quot;,&quot;_ob_poopart_use&quot;:&quot;yes&quot;,&quot;_ob_shadough_use&quot;:&quot;no&quot;,&quot;_ob_allow_hoveranimator&quot;:&quot;no&quot;,&quot;_ob_widget_stalker_use&quot;:&quot;no&quot;}\" data-widget_type=\"heading.default\">\n\t\t\t\t<div class=\"elementor-widget-container\">\n\t\t\t\t\t<h1 class=\"elementor-heading-title elementor-size-default\">Pol\u00edtica de privacidad (UE)<\/h1>\t\t\t\t<\/div>\n\t\t\t\t<\/div>\n\t\t\t\t<div class=\"elementor-element elementor-element-57f1350 ob-has-background-overlay elementor-widget elementor-widget-shortcode\" data-id=\"57f1350\" data-element_type=\"widget\" data-e-type=\"widget\" data-settings=\"{&quot;_ob_perspektive_use&quot;:&quot;no&quot;,&quot;_ob_poopart_use&quot;:&quot;yes&quot;,&quot;_ob_shadough_use&quot;:&quot;no&quot;,&quot;_ob_allow_hoveranimator&quot;:&quot;no&quot;,&quot;_ob_widget_stalker_use&quot;:&quot;no&quot;}\" data-widget_type=\"shortcode.default\">\n\t\t\t\t<div class=\"elementor-widget-container\">\n\t\t\t\t\t\t\t<div class=\"elementor-shortcode\">\n<!-- Legal document generated by Complianz | GDPR\/CCPA Cookie Consent https:\/\/wordpress.org\/plugins\/complianz-gdpr -->\n<div id=\"cmplz-document\" class=\"cmplz-document privacy-statement cmplz-document-eu\"><p><i>This privacy statement was last updated on 10. julio 2024 and applies to citizens and legal permanent residents of the European Economic Area and Switzerland.<\/i><br \/><br \/><\/p><p><p>En esta declaraci\u00f3n de privacidad, explicamos qu\u00e9 hacemos con los datos que obtenemos sobre usted a trav\u00e9s de <a href=\"https:\/\/www.aircargocommunity.com\/es\">https:\/\/www.aircargocommunity.com\/es<\/a>. Le recomendamos leer atentamente esta declaraci\u00f3n. En nuestro procesamiento cumplimos con los requisitos de la legislaci\u00f3n de privacidad. Eso significa, entre otras cosas, que:<\/p><ul>\n                <li>Indicamos claramente los fines para los cuales procesamos datos personales. Hacemos esto por medio de esta declaraci\u00f3n de privacidad;<\/li>\n                <li>nuestro objetivo es limitar nuestra recopilaci\u00f3n de datos personales solo a los datos personales necesarios para fines leg\u00edtimos;<\/li>\n                <li>primero solicitamos su consentimiento expl\u00edcito para procesar sus datos personales en los casos que requieran su consentimiento;<\/li>\n                <li>tomamos medidas de seguridad adecuadas para proteger sus datos personales y tambi\u00e9n las exigimos a las partes que procesan datos personales en nuestro nombre;<\/li>\n                <li>Respetamos su derecho a acceder a sus datos personales o a corregirlos o eliminarlos, si as\u00ed lo solicita.<\/li>\n            <\/ul><p>Si tiene alguna pregunta o desea saber exactamente qu\u00e9 datos guardamos de usted, comun\u00edquese con nosotros.<\/p><\/p><h2>1. Finalidad, datos y plazo de conservaci\u00f3n<\/h2>Podemos recopilar o recibir informaci\u00f3n personal para diversos fines relacionados con nuestras operaciones comerciales, que pueden incluir los siguientes: (haga clic para ampliar)<details class=\"cmplz-dropdown dropdown-privacy-statement\"><summary><div><h3>1.1 Contacto: a trav\u00e9s de tel\u00e9fono, correo postal, correo electr\u00f3nico y\/o formularios web<\/h3><\/div><\/summary><p class=\"cmplz-subtitle\">Para ello utilizamos los siguientes datos:<\/p><p><ul><li>Un nombre y apellido<\/li><li>A la direcci\u00f3n de correo electr\u00f3nico<\/li><li>un numero de telefono<\/li><li>Direcci\u00f3n IP<\/li><\/ul><\/p><p class=\"cmplz-subtitle\">La base sobre la que podremos tratar estos datos es:<\/p><p><a target=\"_blank\" rel=\"noopener noreferrer nofollow\" href=\"https:\/\/cookiedatabase.org\/legal-bases\/#consent\">Tras la prestaci\u00f3n del consentimiento.<\/a><\/p><p class=\"cmplz-subtitle\">Periodo de retenci\u00f3n<\/p><p>Conservamos estos datos hasta que finalice el servicio.<\/p><\/details><details class=\"cmplz-dropdown dropdown-privacy-statement\"><summary><div><h3>1.2 Recopilar y analizar estad\u00edsticas para la mejora del sitio web.<\/h3><\/div><\/summary><p class=\"cmplz-subtitle\">Para ello utilizamos los siguientes datos:<\/p><p><ul><li>Un nombre y apellido<\/li><li>A la direcci\u00f3n de correo electr\u00f3nico<\/li><li>Direcci\u00f3n IP<\/li><\/ul><\/p><p class=\"cmplz-subtitle\">La base sobre la que podremos tratar estos datos es:<\/p><p><a target=\"_blank\" rel=\"noopener noreferrer nofollow\" href=\"https:\/\/cookiedatabase.org\/legal-bases\/#consent\">Tras la prestaci\u00f3n del consentimiento.<\/a><\/p><p class=\"cmplz-subtitle\">Periodo de retenci\u00f3n<\/p><p>Conservamos estos datos hasta que finalice el servicio.<\/p><\/details><h2>2. Compartir con otras partes<\/h2><p>Solo compartimos estos datos con procesadores y con otros terceros para los cuales se debe obtener el consentimiento.<\/p><h2>3. Galletas<\/h2><p>Para brindar las mejores experiencias, nosotros y nuestros socios utilizamos tecnolog\u00edas como cookies para almacenar y\/o acceder a informaci\u00f3n del dispositivo. Dar su consentimiento a estas tecnolog\u00edas nos permitir\u00e1 a nosotros y a nuestros socios procesar datos personales como el comportamiento de navegaci\u00f3n o identificaciones \u00fanicas en este sitio. No dar o retirar el consentimiento puede afectar negativamente a determinadas caracter\u00edsticas y funciones. Para obtener m\u00e1s informaci\u00f3n sobre estas tecnolog\u00edas y socios, cons\u00faltenos <a href=\"https:\/\/www.aircargocommunity.com\/es\/cookie-richtlinie-eu\/\">Pol\u00edtica de cookies<\/a>.&nbsp;<\/p><h2>4. Pr\u00e1cticas de divulgaci\u00f3n<\/h2><p><p>Divulgamos informaci\u00f3n personal si estamos obligados por ley o por orden judicial, en respuesta a una agencia de aplicaci\u00f3n de la ley, en la medida permitida por otras disposiciones de la ley, para proporcionar informaci\u00f3n o para una investigaci\u00f3n sobre un asunto relacionado con la seguridad p\u00fablica.<\/p><p>Si nuestro sitio web u organizaci\u00f3n es adquirido, vendido o involucrado en una fusi\u00f3n o adquisici\u00f3n, sus datos pueden ser divulgados a nuestros asesores y a cualquier posible comprador y se transmitir\u00e1n a los nuevos propietarios.<\/p><\/p><p>Air Cargo Community Frankfurt eV participa en el Marco de Transparencia y Consentimiento de IAB Europe y cumple con sus Especificaciones y Pol\u00edticas. Utiliza la Plataforma de Gesti\u00f3n de Consentimiento con el n\u00famero de identificaci\u00f3n 332.&nbsp;<\/p><h2>5. Seguridad<\/h2><p>Estamos comprometidos con la seguridad de los datos personales. Tomamos medidas de seguridad adecuadas para limitar el abuso y el acceso no autorizado a los datos personales. Esto garantiza que solo las personas necesarias tengan acceso a sus datos, que el acceso a los datos est\u00e9 protegido y que nuestras medidas de seguridad se revisen peri\u00f3dicamente.<\/p><h2>6. Sitios web de terceros<\/h2><p>Esta declaraci\u00f3n de privacidad no se aplica a sitios web de terceros conectados mediante enlaces en nuestro sitio web. No podemos garantizar que estos terceros manejen sus datos personales de manera confiable o segura. Le recomendamos que lea las declaraciones de privacidad de estos sitios web antes de utilizarlos.<\/p><h2>7. Modificaciones a esta declaraci\u00f3n de privacidad<\/h2><p>Nos reservamos el derecho de realizar modificaciones a esta declaraci\u00f3n de privacidad. Se recomienda que consulte esta declaraci\u00f3n de privacidad peri\u00f3dicamente para estar al tanto de cualquier cambio. Adem\u00e1s, le informaremos activamente siempre que sea posible.<\/p><h2>8. Acceso y modificaci\u00f3n de sus datos<\/h2><p>Si tienes alguna duda o quieres saber qu\u00e9 datos personales tenemos sobre ti, ponte en contacto con nosotros. Puede contactarnos utilizando la siguiente informaci\u00f3n. Tienes los siguientes derechos:<\/p><ul>\n                <li>Tiene derecho a saber por qu\u00e9 se necesitan sus datos personales, qu\u00e9 pasar\u00e1 con ellos y durante cu\u00e1nto tiempo se conservar\u00e1n.<\/li>\n                <li>Derecho de acceso: Tiene derecho a acceder a sus datos personales que conocemos.<\/li>\n                <li>Derecho de rectificaci\u00f3n: tienes derecho a complementar, rectificar, eliminar o bloquear tus datos personales cuando lo desees.<\/li>\n                <li>Si nos da su consentimiento para procesar sus datos, tiene derecho a revocar ese consentimiento y a que se eliminen sus datos personales.<\/li>\n                <li>Derecho a transferir tus datos: tienes derecho a solicitar todos tus datos personales al responsable del tratamiento y transferirlos en su totalidad a otro responsable del tratamiento.<\/li>\n                <li>Derecho de oposici\u00f3n: podr\u00e1 oponerse al tratamiento de sus datos. Lo cumplimos, salvo que existan motivos justificados para el tratamiento.<\/li>\n            <\/ul><p>Aseg\u00farese de indicar siempre claramente qui\u00e9n es usted, para que podamos estar seguros de que no modificamos ni eliminamos ning\u00fan dato de la persona equivocada.<\/p><h2>9. Presentar una queja<\/h2><p>Si no est\u00e1 satisfecho con la forma en que manejamos (una queja sobre) el procesamiento de sus datos personales, tiene derecho a presentar una queja ante la Autoridad de Protecci\u00f3n de Datos.<\/p><h2>10. Datos de contacto<\/h2><p>Comunidad de carga a\u00e9rea Frankfurt eV<br \/>\n        Edificio 151\/119<br \/>\nD-60549 Fr\u00e1ncfort del Meno<br \/>\n        Alemania<br \/>\n        Sitio web: <a href=\"https:\/\/www.aircargocommunity.com\/es\">https:\/\/www.aircargocommunity.com\/es<\/a> <br \/>\n        Correo electr\u00f3nico: <span class=\"cmplz-obfuscate\">informaci\u00f3n@<span class=\"cmplz-fmail-domain\">ex.com<\/span>&#070;R&#065;-&#102;&#114;&#056;.&#099;&#111;m<\/span> <br \/>\n        N\u00famero de tel\u00e9fono: +49 (0) 69 690 27308<\/p><h2>11. Solicitudes de datos<\/h2><p>Para las solicitudes enviadas con m\u00e1s frecuencia, tambi\u00e9n le ofrecemos la posibilidad de utilizar nuestro formulario de solicitud de datos.<br \/>\t\t\t<div class=\"cmplz-datarequest cmplz-alert\">\n\t\t\t\t<span class=\"cmplz-close\">\u00d7<\/span>\n\t\t\t\t<span id=\"cmplz-message\"><\/span>\n\t\t\t<\/div>\n\t\t\t<form id=\"cmplz-datarequest-form\" action=\"\">\n\t\t\t\t<input type=\"hidden\" required value=\"eu\" name=\"cmplz_datarequest_region\" id=\"cmplz_datarequest_region\">\n\n\t\t\t\t<label for=\"cmplz_datarequest_firstname\" class=\"cmplz-first-name\">nombre\t\t\t\t\t<input type=\"search\" class=\"datarequest-firstname\" value=\"\" placeholder=\"tu nombre\" id=\"cmplz_datarequest_firstname\" name=\"cmplz_datarequest_firstname\">\n\t\t\t\t<\/label>\n\t\t\t\t<div>\n\t\t\t\t\t<label for=\"cmplz_datarequest_name\">nombre<\/label>\n\t\t\t\t\t<input type=\"text\" required value=\"\" placeholder=\"Your name\" id=\"cmplz_datarequest_name\" name=\"cmplz_datarequest_name\">\n\t\t\t\t<\/div>\n\t\t\t\t<div>\n\t\t\t\t\t<label for=\"cmplz_datarequest_email\">correo electronico<\/label>\n\t\t\t\t\t<input type=\"email\" required value=\"\" placeholder=\"correo electr\u00f3nico@correo electr\u00f3nico.com\" id=\"cmplz_datarequest_email\" name=\"cmplz_datarequest_email\">\n\t\t\t\t<\/div>\n\t\t\t\t\t\t\t\t\t\t<div class=\"cmplz_datarequest cmplz_datarequest_request_for_access\">\n\t\t\t\t\t\t\t<label for=\"cmplz_datarequest_request_for_access\">\n\t\t\t\t\t\t\t\t<input type=\"checkbox\" value=\"1\" name=\"cmplz_datarequest_request_for_access\" id=\"cmplz_datarequest_request_for_access\" \/>\n\t\t\t\t\t\t\t\tSubmit a request for access to the data we process about you.\t\t\t\t\t\t\t<\/label>\n\t\t\t\t\t\t<\/div>\n\t\t\t\t\t\t\t\t\t\t<div class=\"cmplz_datarequest cmplz_datarequest_right_to_be_forgotten\">\n\t\t\t\t\t\t\t<label for=\"cmplz_datarequest_right_to_be_forgotten\">\n\t\t\t\t\t\t\t\t<input type=\"checkbox\" value=\"1\" name=\"cmplz_datarequest_right_to_be_forgotten\" id=\"cmplz_datarequest_right_to_be_forgotten\" \/>\n\t\t\t\t\t\t\t\tSubmit a request for deletion of the data if it is no longer relevant.\t\t\t\t\t\t\t<\/label>\n\t\t\t\t\t\t<\/div>\n\t\t\t\t\t\t\t\t\t\t<div class=\"cmplz_datarequest cmplz_datarequest_right_to_data_portability\">\n\t\t\t\t\t\t\t<label for=\"cmplz_datarequest_right_to_data_portability\">\n\t\t\t\t\t\t\t\t<input type=\"checkbox\" value=\"1\" name=\"cmplz_datarequest_right_to_data_portability\" id=\"cmplz_datarequest_right_to_data_portability\" \/>\n\t\t\t\t\t\t\t\tSubmit a request to receive an export file of the data we process about you.\t\t\t\t\t\t\t<\/label>\n\t\t\t\t\t\t<\/div>\n\t\t\t\t\t\t\t\t<input type=\"button\" id=\"cmplz-datarequest-submit\" value=\"Send\">\n\t\t\t<input type=\"hidden\" name=\"trp-form-language\" value=\"es\"\/><\/form>\n\n\t\t\t<style>\n\t\t\t\t\/* first-name is honeypot *\/\n\t\t\t\t.cmplz-first-name {\n\t\t\t\t\tposition: absolute !important;\n\t\t\t\t\tleft: -5000px !important;\n\t\t\t\t}\n\t\t\t<\/style>\n\t\t\t<\/p><\/div><\/div>\n\t\t\t\t\t\t<\/div>\n\t\t\t\t<\/div>\n\t\t\t\t\t<\/div>\n\t\t\t\t<\/div>\n\t\t\t\t<\/div>","protected":false},"excerpt":{"rendered":"","protected":false},"author":2,"featured_media":0,"parent":0,"menu_order":0,"comment_status":"closed","ping_status":"closed","template":"","meta":{"_acf_changed":false,"footnotes":""},"class_list":["post-3058","page","type-page","status-publish","hentry"],"acf":[],"_links":{"self":[{"href":"https:\/\/www.aircargocommunity.com\/es\/wp-json\/wp\/v2\/pages\/3058","targetHints":{"allow":["GET"]}}],"collection":[{"href":"https:\/\/www.aircargocommunity.com\/es\/wp-json\/wp\/v2\/pages"}],"about":[{"href":"https:\/\/www.aircargocommunity.com\/es\/wp-json\/wp\/v2\/types\/page"}],"author":[{"embeddable":true,"href":"https:\/\/www.aircargocommunity.com\/es\/wp-json\/wp\/v2\/users\/2"}],"replies":[{"embeddable":true,"href":"https:\/\/www.aircargocommunity.com\/es\/wp-json\/wp\/v2\/comments?post=3058"}],"version-history":[{"count":3,"href":"https:\/\/www.aircargocommunity.com\/es\/wp-json\/wp\/v2\/pages\/3058\/revisions"}],"predecessor-version":[{"id":3072,"href":"https:\/\/www.aircargocommunity.com\/es\/wp-json\/wp\/v2\/pages\/3058\/revisions\/3072"}],"wp:attachment":[{"href":"https:\/\/www.aircargocommunity.com\/es\/wp-json\/wp\/v2\/media?parent=3058"}],"curies":[{"name":"wp","href":"https:\/\/api.w.org\/{rel}","templated":true}]}}